{"id":7120,"date":"2024-03-11T14:50:19","date_gmt":"2024-03-11T14:50:19","guid":{"rendered":"https:\/\/rethink-consulting.de\/?page_id=7120"},"modified":"2024-07-03T06:56:18","modified_gmt":"2024-07-03T06:56:18","slug":"restrukturierung-und-transformation","status":"publish","type":"page","link":"https:\/\/rethink-consulting.de\/en\/restrukturierung-und-transformation\/","title":{"rendered":"Restructuring and Transformation"},"content":{"rendered":"<div data-elementor-type=\"wp-page\" data-elementor-id=\"7120\" class=\"elementor elementor-7120\" data-elementor-post-type=\"page\">\n\t\t\t\t<div class=\"elementor-element elementor-element-dbdc04a e-flex e-con-boxed e-con e-parent\" data-id=\"dbdc04a\" data-element_type=\"container\" data-e-type=\"container\">\n\t\t\t\t\t<div class=\"e-con-inner\">\n\t\t\t\t<div class=\"elementor-element elementor-element-8213ba2 elementor-widget elementor-widget-heading\" data-id=\"8213ba2\" data-element_type=\"widget\" data-e-type=\"widget\" data-widget_type=\"heading.default\">\n\t\t\t\t<div class=\"elementor-widget-container\">\n\t\t\t\t\t<h2 class=\"elementor-heading-title elementor-size-default\">Failure is not the problem, but the lack of ability to rethink in time<\/h2>\t\t\t\t<\/div>\n\t\t\t\t<\/div>\n\t\t\t\t<div class=\"elementor-element elementor-element-f6be563 elementor-widget elementor-widget-text-editor\" data-id=\"f6be563\" data-element_type=\"widget\" data-e-type=\"widget\" data-widget_type=\"text-editor.default\">\n\t\t\t\t<div class=\"elementor-widget-container\">\n\t\t\t\t\t\t\t\t\t<p>Sometimes process optimization is not enough. A fundamental change of direction is required. Perhaps the circumstances have changed dramatically: New competitors, digitalization and artificial intelligence, electrification in automotive engineering, to name just a few examples. Comparable to a spell of bad weather when mountaineering or a landslide. Often, not all imponderables can be predicted. Then you have to react quickly and possibly turn back. And if there is no other way: call the mountain rescue service.<\/p>\t\t\t\t\t\t\t\t<\/div>\n\t\t\t\t<\/div>\n\t\t\t\t<div class=\"elementor-element elementor-element-16bff86 elementor-widget elementor-widget-heading\" data-id=\"16bff86\" data-element_type=\"widget\" data-e-type=\"widget\" data-widget_type=\"heading.default\">\n\t\t\t\t<div class=\"elementor-widget-container\">\n\t\t\t\t\t<h2 class=\"elementor-heading-title elementor-size-default\"><p><i>\"In a highly dynamic environment, the ability to reflect, reorient and reposition quickly and consistently is essential for survival<\/i><i style=\"color: var( --e-global-color-primary );text-align: var(--text-align);letter-spacing: -0.1px\">.\u201c<\/i><span style=\"color: var( --e-global-color-primary );text-align: var(--text-align);letter-spacing: -0.1px\"><\/span><\/p><\/h2>\t\t\t\t<\/div>\n\t\t\t\t<\/div>\n\t\t\t\t\t<\/div>\n\t\t\t\t<\/div>\n\t\t<div class=\"elementor-element elementor-element-90d1124 e-flex e-con-boxed e-con e-parent\" data-id=\"90d1124\" data-element_type=\"container\" data-e-type=\"container\">\n\t\t\t\t\t<div class=\"e-con-inner\">\n\t\t\t\t<div class=\"elementor-element elementor-element-27fa234 elementor-widget elementor-widget-heading\" data-id=\"27fa234\" data-element_type=\"widget\" data-e-type=\"widget\" data-widget_type=\"heading.default\">\n\t\t\t\t<div class=\"elementor-widget-container\">\n\t\t\t\t\t<h2 class=\"elementor-heading-title elementor-size-default\">When it comes down to it, we have the right tools<\/h2>\t\t\t\t<\/div>\n\t\t\t\t<\/div>\n\t\t\t\t\t<\/div>\n\t\t\t\t<\/div>\n\t\t<div class=\"elementor-element elementor-element-2cf457b e-flex e-con-boxed e-con e-parent\" data-id=\"2cf457b\" data-element_type=\"container\" data-e-type=\"container\">\n\t\t\t\t\t<div class=\"e-con-inner\">\n\t\t<div class=\"elementor-element elementor-element-5b7e38a e-con-full e-flex e-con e-child\" data-id=\"5b7e38a\" data-element_type=\"container\" data-e-type=\"container\">\n\t\t\t\t<div class=\"elementor-element elementor-element-1663efd elementor-widget__width-initial elementor-widget elementor-widget-image\" data-id=\"1663efd\" data-element_type=\"widget\" data-e-type=\"widget\" data-widget_type=\"image.default\">\n\t\t\t\t<div class=\"elementor-widget-container\">\n\t\t\t\t\t\t\t\t\t\t\t\t\t\t\t<img fetchpriority=\"high\" decoding=\"async\" width=\"683\" height=\"1024\" src=\"https:\/\/rethink-consulting.de\/wp-content\/uploads\/2024\/03\/Tools_small-683x1024.jpg\" class=\"attachment-large size-large wp-image-7159\" alt=\"\" srcset=\"https:\/\/rethink-consulting.de\/wp-content\/uploads\/2024\/03\/Tools_small-683x1024.jpg 683w, https:\/\/rethink-consulting.de\/wp-content\/uploads\/2024\/03\/Tools_small-200x300.jpg 200w, https:\/\/rethink-consulting.de\/wp-content\/uploads\/2024\/03\/Tools_small-373x560.jpg 373w, https:\/\/rethink-consulting.de\/wp-content\/uploads\/2024\/03\/Tools_small-600x900.jpg 600w, https:\/\/rethink-consulting.de\/wp-content\/uploads\/2024\/03\/Tools_small-rotated.jpg 768w\" sizes=\"(max-width: 683px) 100vw, 683px\" \/>\t\t\t\t\t\t\t\t\t\t\t\t\t\t\t<\/div>\n\t\t\t\t<\/div>\n\t\t\t\t<\/div>\n\t\t<div class=\"elementor-element elementor-element-43a6ac6 e-con-full e-flex e-con e-child\" data-id=\"43a6ac6\" data-element_type=\"container\" data-e-type=\"container\">\n\t\t\t\t<div class=\"elementor-element elementor-element-188be2c elementor-widget elementor-widget-text-editor\" data-id=\"188be2c\" data-element_type=\"widget\" data-e-type=\"widget\" data-widget_type=\"text-editor.default\">\n\t\t\t\t<div class=\"elementor-widget-container\">\n\t\t\t\t\t\t\t\t\t<p>With our support, you can quickly get back on solid ground. Together, we will assess your current situation and look at your core competencies and your competitive environment. Based on an analysis of strengths and weaknesses, we create strategies that strengthen your economic resilience and expand your future viability.<\/p><p>We develop transformation concepts to implement the necessary changes. We also take cultural aspects into account. This is crucial, as far-reaching changes must be supported by the majority of managers and employees in order to be successful in the long run.<\/p>\t\t\t\t\t\t\t\t<\/div>\n\t\t\t\t<\/div>\n\t\t\t\t<\/div>\n\t\t\t\t\t<\/div>\n\t\t\t\t<\/div>\n\t\t\t\t<\/div>","protected":false},"excerpt":{"rendered":"<p>Scheitern ist nicht das Problem, sondern die fehlende F\u00e4higkeit rechtzeitig umzudenken Manchmal reichen Prozessoptimierungen nicht aus. Ein grunds\u00e4tzlicher Richtungswechsel ist erforderlich. Vielleicht haben sich die Rahmenbedingungen dramatisch ver\u00e4ndert: Neue Wettbewerber, Digitalisierung und k\u00fcnstliche Intelligenz, Elektrifizierung im Automobilbau, um nur ein paar Beispiele zu nennen. Vergleichbar mit einem Schlechtwettereinbruch beim Bergsteigen [&hellip;]<\/p>\n","protected":false},"author":1,"featured_media":7124,"parent":0,"menu_order":0,"comment_status":"closed","ping_status":"closed","template":"","meta":{"_uag_custom_page_level_css":"","_monsterinsights_skip_tracking":false,"_monsterinsights_sitenote_active":false,"_monsterinsights_sitenote_note":"","_monsterinsights_sitenote_category":0,"footnotes":""},"class_list":["post-7120","page","type-page","status-publish","has-post-thumbnail","hentry"],"aioseo_notices":[],"uagb_featured_image_src":{"full":["https:\/\/rethink-consulting.de\/wp-content\/uploads\/2024\/03\/Bergretter.jpg",1926,1445,false],"thumbnail":["https:\/\/rethink-consulting.de\/wp-content\/uploads\/2024\/03\/Bergretter-150x150.jpg",150,150,true],"medium":["https:\/\/rethink-consulting.de\/wp-content\/uploads\/2024\/03\/Bergretter-300x225.jpg",300,225,true],"medium_large":["https:\/\/rethink-consulting.de\/wp-content\/uploads\/2024\/03\/Bergretter-768x576.jpg",768,576,true],"large":["https:\/\/rethink-consulting.de\/wp-content\/uploads\/2024\/03\/Bergretter-1024x768.jpg",930,698,true],"1536x1536":["https:\/\/rethink-consulting.de\/wp-content\/uploads\/2024\/03\/Bergretter-1536x1152.jpg",1536,1152,true],"2048x2048":["https:\/\/rethink-consulting.de\/wp-content\/uploads\/2024\/03\/Bergretter.jpg",1926,1445,false],"trp-custom-language-flag":["https:\/\/rethink-consulting.de\/wp-content\/uploads\/2024\/03\/Bergretter.jpg",16,12,false],"featured":["https:\/\/rethink-consulting.de\/wp-content\/uploads\/2024\/03\/Bergretter.jpg",1926,1445,false],"featured@2x":["https:\/\/rethink-consulting.de\/wp-content\/uploads\/2024\/03\/Bergretter.jpg",1926,1445,false],"featured-small":["https:\/\/rethink-consulting.de\/wp-content\/uploads\/2024\/03\/Bergretter-1000x750.jpg",1000,750,true],"recent-thumbnail":["https:\/\/rethink-consulting.de\/wp-content\/uploads\/2024\/03\/Bergretter-345x192.jpg",345,192,true],"recent-thumbnail-retina":["https:\/\/rethink-consulting.de\/wp-content\/uploads\/2024\/03\/Bergretter-690x384.jpg",690,384,true],"woo-featured":["https:\/\/rethink-consulting.de\/wp-content\/uploads\/2024\/03\/Bergretter-280x280.jpg",280,280,true],"entry-cover":["https:\/\/rethink-consulting.de\/wp-content\/uploads\/2024\/03\/Bergretter-1800x1350.jpg",1800,1350,true],"entry-cover@2x":["https:\/\/rethink-consulting.de\/wp-content\/uploads\/2024\/03\/Bergretter.jpg",1926,1445,false],"loop":["https:\/\/rethink-consulting.de\/wp-content\/uploads\/2024\/03\/Bergretter-950x320.jpg",950,320,true],"portfolio-scroller-widget":["https:\/\/rethink-consulting.de\/wp-content\/uploads\/2024\/03\/Bergretter-746x560.jpg",746,560,true],"portfolio_item-thumbnail":["https:\/\/rethink-consulting.de\/wp-content\/uploads\/2024\/03\/Bergretter-600x400.jpg",600,400,true],"portfolio_item-masonry":["https:\/\/rethink-consulting.de\/wp-content\/uploads\/2024\/03\/Bergretter-600x450.jpg",600,450,true],"portfolio_item-thumbnail_wide":["https:\/\/rethink-consulting.de\/wp-content\/uploads\/2024\/03\/Bergretter-1800x600.jpg",1800,600,true],"portfolio_item-thumbnail_wide_cinema":["https:\/\/rethink-consulting.de\/wp-content\/uploads\/2024\/03\/Bergretter-1800x750.jpg",1800,750,true],"portfolio_item-thumbnail_cinema":["https:\/\/rethink-consulting.de\/wp-content\/uploads\/2024\/03\/Bergretter-800x335.jpg",800,335,true],"portfolio_item-thumbnail_portrait":["https:\/\/rethink-consulting.de\/wp-content\/uploads\/2024\/03\/Bergretter-600x900.jpg",600,900,true],"portfolio_item-thumbnail_square":["https:\/\/rethink-consulting.de\/wp-content\/uploads\/2024\/03\/Bergretter-800x800.jpg",800,800,true]},"uagb_author_info":{"display_name":"admin","author_link":"https:\/\/rethink-consulting.de\/en\/author\/admin\/"},"uagb_comment_info":0,"uagb_excerpt":"Scheitern ist nicht das Problem, sondern die fehlende F\u00e4higkeit rechtzeitig umzudenken Manchmal reichen Prozessoptimierungen nicht aus. Ein grunds\u00e4tzlicher Richtungswechsel ist erforderlich. Vielleicht haben sich die Rahmenbedingungen dramatisch ver\u00e4ndert: Neue Wettbewerber, Digitalisierung und k\u00fcnstliche Intelligenz, Elektrifizierung im Automobilbau, um nur ein paar Beispiele zu nennen. Vergleichbar mit einem Schlechtwettereinbruch beim Bergsteigen [&hellip;]","_links":{"self":[{"href":"https:\/\/rethink-consulting.de\/en\/wp-json\/wp\/v2\/pages\/7120","targetHints":{"allow":["GET"]}}],"collection":[{"href":"https:\/\/rethink-consulting.de\/en\/wp-json\/wp\/v2\/pages"}],"about":[{"href":"https:\/\/rethink-consulting.de\/en\/wp-json\/wp\/v2\/types\/page"}],"author":[{"embeddable":true,"href":"https:\/\/rethink-consulting.de\/en\/wp-json\/wp\/v2\/users\/1"}],"replies":[{"embeddable":true,"href":"https:\/\/rethink-consulting.de\/en\/wp-json\/wp\/v2\/comments?post=7120"}],"version-history":[{"count":46,"href":"https:\/\/rethink-consulting.de\/en\/wp-json\/wp\/v2\/pages\/7120\/revisions"}],"predecessor-version":[{"id":7616,"href":"https:\/\/rethink-consulting.de\/en\/wp-json\/wp\/v2\/pages\/7120\/revisions\/7616"}],"wp:featuredmedia":[{"embeddable":true,"href":"https:\/\/rethink-consulting.de\/en\/wp-json\/wp\/v2\/media\/7124"}],"wp:attachment":[{"href":"https:\/\/rethink-consulting.de\/en\/wp-json\/wp\/v2\/media?parent=7120"}],"curies":[{"name":"wp","href":"https:\/\/api.w.org\/{rel}","templated":true}]}}