{"id":7089,"date":"2024-03-10T16:16:51","date_gmt":"2024-03-10T16:16:51","guid":{"rendered":"https:\/\/rethink-consulting.de\/?page_id=7089"},"modified":"2024-07-03T06:54:13","modified_gmt":"2024-07-03T06:54:13","slug":"prozessoptimierung","status":"publish","type":"page","link":"https:\/\/rethink-consulting.de\/en\/prozessoptimierung\/","title":{"rendered":"Process Optimization"},"content":{"rendered":"<div data-elementor-type=\"wp-page\" data-elementor-id=\"7089\" class=\"elementor elementor-7089\" data-elementor-post-type=\"page\">\n\t\t\t\t<div class=\"elementor-element elementor-element-9441f2f e-flex e-con-boxed e-con e-parent\" data-id=\"9441f2f\" data-element_type=\"container\" data-e-type=\"container\">\n\t\t\t\t\t<div class=\"e-con-inner\">\n\t\t\t\t<div class=\"elementor-element elementor-element-5f7c4eb elementor-widget elementor-widget-heading\" data-id=\"5f7c4eb\" data-element_type=\"widget\" data-e-type=\"widget\" data-widget_type=\"heading.default\">\n\t\t\t\t<div class=\"elementor-widget-container\">\n\t\t\t\t\t<h2 class=\"elementor-heading-title elementor-size-default\">Demanding routes require robust processes<\/h2>\t\t\t\t<\/div>\n\t\t\t\t<\/div>\n\t\t\t\t<div class=\"elementor-element elementor-element-0168020 elementor-widget elementor-widget-text-editor\" data-id=\"0168020\" data-element_type=\"widget\" data-e-type=\"widget\" data-widget_type=\"text-editor.default\">\n\t\t\t\t<div class=\"elementor-widget-container\">\n\t\t\t\t\t\t\t\t\t<p>Without resilient and reliable processes and structures, challenging paths quickly become dangerous.  All too often, we rely on the supposedly \"well known and tested\". But does what has proven itself in the past still make sense under today's conditions? As in the mountains, existing paths need to be re-assessed: Perhaps the route is dangerous these days and a new route is required? Perhaps belays and pitons are rusty and need to be replaced? And last but not least, does the \"old destination\" still fit into the corporate strategy today?\u00a0<\/p>\t\t\t\t\t\t\t\t<\/div>\n\t\t\t\t<\/div>\n\t\t\t\t<div class=\"elementor-element elementor-element-9f81c94 elementor-widget elementor-widget-heading\" data-id=\"9f81c94\" data-element_type=\"widget\" data-e-type=\"widget\" data-widget_type=\"heading.default\">\n\t\t\t\t<div class=\"elementor-widget-container\">\n\t\t\t\t\t<h2 class=\"elementor-heading-title elementor-size-default\"><p>\"Established routes need to be rethought to generate new solutions.\"<span style=\"color: var( --e-global-color-primary );text-align: var(--text-align);letter-spacing: -0.1px\"><\/span><\/p><\/h2>\t\t\t\t<\/div>\n\t\t\t\t<\/div>\n\t\t\t\t<div class=\"elementor-element elementor-element-dd6b4c7 elementor-widget elementor-widget-text-editor\" data-id=\"dd6b4c7\" data-element_type=\"widget\" data-e-type=\"widget\" data-widget_type=\"text-editor.default\">\n\t\t\t\t<div class=\"elementor-widget-container\">\n\t\t\t\t\t\t\t\t\t<p>Where circumstances and strategic orientation change quickly or are difficult to plan for the long term, targeted, efficient processes become a crucial competitive advantage. Don't wait until process weaknesses lead to quality problems and one task force follows the next. Don't wait until inefficiencies in your product development processes have a decisive impact on your competitive situation and threaten your economic existence. Prescribe your processes a fitness program.<\/p>\t\t\t\t\t\t\t\t<\/div>\n\t\t\t\t<\/div>\n\t\t\t\t\t<\/div>\n\t\t\t\t<\/div>\n\t\t<div class=\"elementor-element elementor-element-f58acd7 e-flex e-con-boxed e-con e-parent\" data-id=\"f58acd7\" data-element_type=\"container\" data-e-type=\"container\">\n\t\t\t\t\t<div class=\"e-con-inner\">\n\t\t\t\t<div class=\"elementor-element elementor-element-d35b731 elementor-widget elementor-widget-heading\" data-id=\"d35b731\" data-element_type=\"widget\" data-e-type=\"widget\" data-widget_type=\"heading.default\">\n\t\t\t\t<div class=\"elementor-widget-container\">\n\t\t\t\t\t<h2 class=\"elementor-heading-title elementor-size-default\">Concept instead of task force<\/h2>\t\t\t\t<\/div>\n\t\t\t\t<\/div>\n\t\t\t\t\t<\/div>\n\t\t\t\t<\/div>\n\t\t<div class=\"elementor-element elementor-element-c705968 e-flex e-con-boxed e-con e-parent\" data-id=\"c705968\" data-element_type=\"container\" data-e-type=\"container\">\n\t\t\t\t\t<div class=\"e-con-inner\">\n\t\t<div class=\"elementor-element elementor-element-85bdae0 e-con-full e-flex e-con e-child\" data-id=\"85bdae0\" data-element_type=\"container\" data-e-type=\"container\">\n\t\t\t\t<div class=\"elementor-element elementor-element-15a0a2f elementor-widget elementor-widget-image\" data-id=\"15a0a2f\" data-element_type=\"widget\" data-e-type=\"widget\" data-widget_type=\"image.default\">\n\t\t\t\t<div class=\"elementor-widget-container\">\n\t\t\t\t\t\t\t\t\t\t\t\t\t\t\t<img fetchpriority=\"high\" decoding=\"async\" width=\"930\" height=\"930\" src=\"https:\/\/rethink-consulting.de\/wp-content\/uploads\/2024\/03\/Klettersteig-1024x1024.jpeg\" class=\"attachment-large size-large wp-image-7112\" alt=\"\" srcset=\"https:\/\/rethink-consulting.de\/wp-content\/uploads\/2024\/03\/Klettersteig-1024x1024.jpeg 1024w, https:\/\/rethink-consulting.de\/wp-content\/uploads\/2024\/03\/Klettersteig-300x300.jpeg 300w, https:\/\/rethink-consulting.de\/wp-content\/uploads\/2024\/03\/Klettersteig-150x150.jpeg 150w, https:\/\/rethink-consulting.de\/wp-content\/uploads\/2024\/03\/Klettersteig-768x768.jpeg 768w, https:\/\/rethink-consulting.de\/wp-content\/uploads\/2024\/03\/Klettersteig-1536x1536.jpeg 1536w, https:\/\/rethink-consulting.de\/wp-content\/uploads\/2024\/03\/Klettersteig-2048x2048.jpeg 2048w, https:\/\/rethink-consulting.de\/wp-content\/uploads\/2024\/03\/Klettersteig-2000x2000.jpeg 2000w, https:\/\/rethink-consulting.de\/wp-content\/uploads\/2024\/03\/Klettersteig-1000x1000.jpeg 1000w, https:\/\/rethink-consulting.de\/wp-content\/uploads\/2024\/03\/Klettersteig-280x280.jpeg 280w, https:\/\/rethink-consulting.de\/wp-content\/uploads\/2024\/03\/Klettersteig-1800x1800.jpeg 1800w, https:\/\/rethink-consulting.de\/wp-content\/uploads\/2024\/03\/Klettersteig-560x560.jpeg 560w, https:\/\/rethink-consulting.de\/wp-content\/uploads\/2024\/03\/Klettersteig-600x600.jpeg 600w, https:\/\/rethink-consulting.de\/wp-content\/uploads\/2024\/03\/Klettersteig-800x800.jpeg 800w\" sizes=\"(max-width: 930px) 100vw, 930px\" \/>\t\t\t\t\t\t\t\t\t\t\t\t\t\t\t<\/div>\n\t\t\t\t<\/div>\n\t\t\t\t<\/div>\n\t\t<div class=\"elementor-element elementor-element-dad28b3 e-con-full e-flex e-con e-child\" data-id=\"dad28b3\" data-element_type=\"container\" data-e-type=\"container\">\n\t\t\t\t<div class=\"elementor-element elementor-element-766bb4e elementor-widget elementor-widget-text-editor\" data-id=\"766bb4e\" data-element_type=\"widget\" data-e-type=\"widget\" data-widget_type=\"text-editor.default\">\n\t\t\t\t<div class=\"elementor-widget-container\">\n\t\t\t\t\t\t\t\t\t<p>In expert interviews and process workshops, we work with you to analyze your process flows, interfaces and responsibilities. <br \/>In this way, we identify weak points, inefficiencies and optimization potential.<br \/>Our focus is on the product development process from concept to market launch, primarily in the automotive industrie and mechanical engineering sectors. However, our approach can be generally applied to any industry.<\/p>\t\t\t\t\t\t\t\t<\/div>\n\t\t\t\t<\/div>\n\t\t\t\t<\/div>\n\t\t\t\t\t<\/div>\n\t\t\t\t<\/div>\n\t\t\t\t<\/div>","protected":false},"excerpt":{"rendered":"<p>Anspruchsvolle Wege erfordern robuste Prozesse Ohne belastbare und verl\u00e4ssliche Prozesse und Strukturen werden anspruchsvolle Wege schnell gef\u00e4hrlich.\u00a0 Zu oft verlassen wir uns dabei auf vermeintlich \u201eBew\u00e4hrtes\u201c. Aber ist das, was sich in der Vergangenheit bew\u00e4hrt hat, unter den heutigen Rahmenbedingungen noch sinnvoll? Wie im Gebirge m\u00fcssen bestehende Wege gepr\u00fcft werden: [&hellip;]<\/p>\n","protected":false},"author":1,"featured_media":7090,"parent":0,"menu_order":0,"comment_status":"closed","ping_status":"closed","template":"","meta":{"_uag_custom_page_level_css":"","_monsterinsights_skip_tracking":false,"_monsterinsights_sitenote_active":false,"_monsterinsights_sitenote_note":"","_monsterinsights_sitenote_category":0,"footnotes":""},"class_list":["post-7089","page","type-page","status-publish","has-post-thumbnail","hentry"],"aioseo_notices":[],"uagb_featured_image_src":{"full":["https:\/\/rethink-consulting.de\/wp-content\/uploads\/2024\/03\/2024-03-02_12-58-34b.jpg",2304,1152,false],"thumbnail":["https:\/\/rethink-consulting.de\/wp-content\/uploads\/2024\/03\/2024-03-02_12-58-34b-150x150.jpg",150,150,true],"medium":["https:\/\/rethink-consulting.de\/wp-content\/uploads\/2024\/03\/2024-03-02_12-58-34b-300x150.jpg",300,150,true],"medium_large":["https:\/\/rethink-consulting.de\/wp-content\/uploads\/2024\/03\/2024-03-02_12-58-34b-768x384.jpg",768,384,true],"large":["https:\/\/rethink-consulting.de\/wp-content\/uploads\/2024\/03\/2024-03-02_12-58-34b-1024x512.jpg",930,465,true],"1536x1536":["https:\/\/rethink-consulting.de\/wp-content\/uploads\/2024\/03\/2024-03-02_12-58-34b-1536x768.jpg",1536,768,true],"2048x2048":["https:\/\/rethink-consulting.de\/wp-content\/uploads\/2024\/03\/2024-03-02_12-58-34b-2048x1024.jpg",2048,1024,true],"trp-custom-language-flag":["https:\/\/rethink-consulting.de\/wp-content\/uploads\/2024\/03\/2024-03-02_12-58-34b.jpg",18,9,false],"featured":["https:\/\/rethink-consulting.de\/wp-content\/uploads\/2024\/03\/2024-03-02_12-58-34b-2000x1000.jpg",2000,1000,true],"featured@2x":["https:\/\/rethink-consulting.de\/wp-content\/uploads\/2024\/03\/2024-03-02_12-58-34b.jpg",2304,1152,false],"featured-small":["https:\/\/rethink-consulting.de\/wp-content\/uploads\/2024\/03\/2024-03-02_12-58-34b-1000x500.jpg",1000,500,true],"recent-thumbnail":["https:\/\/rethink-consulting.de\/wp-content\/uploads\/2024\/03\/2024-03-02_12-58-34b-345x192.jpg",345,192,true],"recent-thumbnail-retina":["https:\/\/rethink-consulting.de\/wp-content\/uploads\/2024\/03\/2024-03-02_12-58-34b-690x384.jpg",690,384,true],"woo-featured":["https:\/\/rethink-consulting.de\/wp-content\/uploads\/2024\/03\/2024-03-02_12-58-34b-280x280.jpg",280,280,true],"entry-cover":["https:\/\/rethink-consulting.de\/wp-content\/uploads\/2024\/03\/2024-03-02_12-58-34b-1800x900.jpg",1800,900,true],"entry-cover@2x":["https:\/\/rethink-consulting.de\/wp-content\/uploads\/2024\/03\/2024-03-02_12-58-34b.jpg",2304,1152,false],"loop":["https:\/\/rethink-consulting.de\/wp-content\/uploads\/2024\/03\/2024-03-02_12-58-34b-950x320.jpg",950,320,true],"portfolio-scroller-widget":["https:\/\/rethink-consulting.de\/wp-content\/uploads\/2024\/03\/2024-03-02_12-58-34b-1120x560.jpg",1120,560,true],"portfolio_item-thumbnail":["https:\/\/rethink-consulting.de\/wp-content\/uploads\/2024\/03\/2024-03-02_12-58-34b-600x400.jpg",600,400,true],"portfolio_item-masonry":["https:\/\/rethink-consulting.de\/wp-content\/uploads\/2024\/03\/2024-03-02_12-58-34b-600x300.jpg",600,300,true],"portfolio_item-thumbnail_wide":["https:\/\/rethink-consulting.de\/wp-content\/uploads\/2024\/03\/2024-03-02_12-58-34b-1800x600.jpg",1800,600,true],"portfolio_item-thumbnail_wide_cinema":["https:\/\/rethink-consulting.de\/wp-content\/uploads\/2024\/03\/2024-03-02_12-58-34b-1800x750.jpg",1800,750,true],"portfolio_item-thumbnail_cinema":["https:\/\/rethink-consulting.de\/wp-content\/uploads\/2024\/03\/2024-03-02_12-58-34b-800x335.jpg",800,335,true],"portfolio_item-thumbnail_portrait":["https:\/\/rethink-consulting.de\/wp-content\/uploads\/2024\/03\/2024-03-02_12-58-34b-600x900.jpg",600,900,true],"portfolio_item-thumbnail_square":["https:\/\/rethink-consulting.de\/wp-content\/uploads\/2024\/03\/2024-03-02_12-58-34b-800x800.jpg",800,800,true]},"uagb_author_info":{"display_name":"admin","author_link":"https:\/\/rethink-consulting.de\/en\/author\/admin\/"},"uagb_comment_info":0,"uagb_excerpt":"Anspruchsvolle Wege erfordern robuste Prozesse Ohne belastbare und verl\u00e4ssliche Prozesse und Strukturen werden anspruchsvolle Wege schnell gef\u00e4hrlich.\u00a0 Zu oft verlassen wir uns dabei auf vermeintlich \u201eBew\u00e4hrtes\u201c. Aber ist das, was sich in der Vergangenheit bew\u00e4hrt hat, unter den heutigen Rahmenbedingungen noch sinnvoll? Wie im Gebirge m\u00fcssen bestehende Wege gepr\u00fcft werden: [&hellip;]","_links":{"self":[{"href":"https:\/\/rethink-consulting.de\/en\/wp-json\/wp\/v2\/pages\/7089","targetHints":{"allow":["GET"]}}],"collection":[{"href":"https:\/\/rethink-consulting.de\/en\/wp-json\/wp\/v2\/pages"}],"about":[{"href":"https:\/\/rethink-consulting.de\/en\/wp-json\/wp\/v2\/types\/page"}],"author":[{"embeddable":true,"href":"https:\/\/rethink-consulting.de\/en\/wp-json\/wp\/v2\/users\/1"}],"replies":[{"embeddable":true,"href":"https:\/\/rethink-consulting.de\/en\/wp-json\/wp\/v2\/comments?post=7089"}],"version-history":[{"count":43,"href":"https:\/\/rethink-consulting.de\/en\/wp-json\/wp\/v2\/pages\/7089\/revisions"}],"predecessor-version":[{"id":7623,"href":"https:\/\/rethink-consulting.de\/en\/wp-json\/wp\/v2\/pages\/7089\/revisions\/7623"}],"wp:featuredmedia":[{"embeddable":true,"href":"https:\/\/rethink-consulting.de\/en\/wp-json\/wp\/v2\/media\/7090"}],"wp:attachment":[{"href":"https:\/\/rethink-consulting.de\/en\/wp-json\/wp\/v2\/media?parent=7089"}],"curies":[{"name":"wp","href":"https:\/\/api.w.org\/{rel}","templated":true}]}}