{"id":6992,"date":"2024-03-08T15:09:02","date_gmt":"2024-03-08T15:09:02","guid":{"rendered":"https:\/\/rethink-consulting.de\/?page_id=6992"},"modified":"2024-06-15T10:06:14","modified_gmt":"2024-06-15T10:06:14","slug":"unternehmen","status":"publish","type":"page","link":"https:\/\/rethink-consulting.de\/en\/unternehmen\/","title":{"rendered":"Company Profile"},"content":{"rendered":"<div data-elementor-type=\"wp-page\" data-elementor-id=\"6992\" class=\"elementor elementor-6992\" data-elementor-post-type=\"page\">\n\t\t\t\t<div class=\"elementor-element elementor-element-66833dc e-flex e-con-boxed e-con e-parent\" data-id=\"66833dc\" data-element_type=\"container\" data-e-type=\"container\">\n\t\t\t\t\t<div class=\"e-con-inner\">\n\t\t\t\t<div class=\"elementor-element elementor-element-b12d92d elementor-widget elementor-widget-heading\" data-id=\"b12d92d\" data-element_type=\"widget\" data-e-type=\"widget\" data-widget_type=\"heading.default\">\n\t\t\t\t<div class=\"elementor-widget-container\">\n\t\t\t\t\t<h2 class=\"elementor-heading-title elementor-size-default\">We guide you through difficult terrain<\/h2>\t\t\t\t<\/div>\n\t\t\t\t<\/div>\n\t\t\t\t\t<\/div>\n\t\t\t\t<\/div>\n\t\t<div class=\"elementor-element elementor-element-b1a7949 e-flex e-con-boxed e-con e-parent\" data-id=\"b1a7949\" data-element_type=\"container\" data-e-type=\"container\">\n\t\t\t\t\t<div class=\"e-con-inner\">\n\t\t<div class=\"elementor-element elementor-element-ba72d79 e-con-full e-flex e-con e-child\" data-id=\"ba72d79\" data-element_type=\"container\" data-e-type=\"container\">\n\t\t\t\t<div class=\"elementor-element elementor-element-27e5b67 elementor-widget elementor-widget-image\" data-id=\"27e5b67\" data-element_type=\"widget\" data-e-type=\"widget\" data-widget_type=\"image.default\">\n\t\t\t\t<div class=\"elementor-widget-container\">\n\t\t\t\t\t\t\t\t\t\t\t\t\t\t\t<img fetchpriority=\"high\" decoding=\"async\" width=\"768\" height=\"1024\" src=\"https:\/\/rethink-consulting.de\/wp-content\/uploads\/2024\/03\/ich_HF-1-768x1024.jpg\" class=\"attachment-medium_large size-medium_large wp-image-7002\" alt=\"\" srcset=\"https:\/\/rethink-consulting.de\/wp-content\/uploads\/2024\/03\/ich_HF-1-768x1024.jpg 768w, https:\/\/rethink-consulting.de\/wp-content\/uploads\/2024\/03\/ich_HF-1-225x300.jpg 225w, https:\/\/rethink-consulting.de\/wp-content\/uploads\/2024\/03\/ich_HF-1-1152x1536.jpg 1152w, https:\/\/rethink-consulting.de\/wp-content\/uploads\/2024\/03\/ich_HF-1-1536x2048.jpg 1536w, https:\/\/rethink-consulting.de\/wp-content\/uploads\/2024\/03\/ich_HF-1-1000x1333.jpg 1000w, https:\/\/rethink-consulting.de\/wp-content\/uploads\/2024\/03\/ich_HF-1-1800x2400.jpg 1800w, https:\/\/rethink-consulting.de\/wp-content\/uploads\/2024\/03\/ich_HF-1-420x560.jpg 420w, https:\/\/rethink-consulting.de\/wp-content\/uploads\/2024\/03\/ich_HF-1-600x800.jpg 600w, https:\/\/rethink-consulting.de\/wp-content\/uploads\/2024\/03\/ich_HF-1-scaled.jpg 1920w\" sizes=\"(max-width: 768px) 100vw, 768px\" \/>\t\t\t\t\t\t\t\t\t\t\t\t\t\t\t<\/div>\n\t\t\t\t<\/div>\n\t\t\t\t<\/div>\n\t\t<div class=\"elementor-element elementor-element-b00536d e-con-full e-flex e-con e-child\" data-id=\"b00536d\" data-element_type=\"container\" data-e-type=\"container\">\n\t\t\t\t<div class=\"elementor-element elementor-element-0c08778 elementor-widget elementor-widget-text-editor\" data-id=\"0c08778\" data-element_type=\"widget\" data-e-type=\"widget\" data-widget_type=\"text-editor.default\">\n\t\t\t\t<div class=\"elementor-widget-container\">\n\t\t\t\t\t\t\t\t\t<p><em>\"We do not see ourselves as traditional management consultants. We do not offer ready-made solutions. Our concept is based on a coaching, a sparring principle, in which we develop individual solutions in intensive dialog with you.<br><\/em><em>The advantage? It is always YOUR change process, which ensures a high level of authenticity and acceptance within the company. This approach also saves costs, as we manage with minimal manpower without having to compromise on the result.\"<\/em><\/p>\n<p><strong>Andreas Lux<\/strong>, CEO &amp; Managing Director<\/p>\t\t\t\t\t\t\t\t<\/div>\n\t\t\t\t<\/div>\n\t\t\t\t<\/div>\n\t\t\t\t\t<\/div>\n\t\t\t\t<\/div>\n\t\t<div class=\"elementor-element elementor-element-d15016a e-flex e-con-boxed e-con e-parent\" data-id=\"d15016a\" data-element_type=\"container\" data-e-type=\"container\">\n\t\t\t\t\t<div class=\"e-con-inner\">\n\t\t\t\t<div class=\"elementor-element elementor-element-bb62b8f elementor-widget elementor-widget-heading\" data-id=\"bb62b8f\" data-element_type=\"widget\" data-e-type=\"widget\" data-widget_type=\"heading.default\">\n\t\t\t\t<div class=\"elementor-widget-container\">\n\t\t\t\t\t<h2 class=\"elementor-heading-title elementor-size-default\">Competencies<\/h2>\t\t\t\t<\/div>\n\t\t\t\t<\/div>\n\t\t\t\t<div class=\"elementor-element elementor-element-18fd974 elementor-widget elementor-widget-text-editor\" data-id=\"18fd974\" data-element_type=\"widget\" data-e-type=\"widget\" data-widget_type=\"text-editor.default\">\n\t\t\t\t<div class=\"elementor-widget-container\">\n\t\t\t\t\t\t\t\t\t<p>If you want to climb \"high mountains\", you have to be able to cope with different conditions, recognize changes and react spontaneously. This requires experience, but also mental strength. We offer extensive experience in restructuring and transformation situations. We are visionary and full of ideas and convince through logic, expertise and empathy.<\/p>\t\t\t\t\t\t\t\t<\/div>\n\t\t\t\t<\/div>\n\t\t\t\t\t<\/div>\n\t\t\t\t<\/div>\n\t\t\t\t<\/div>","protected":false},"excerpt":{"rendered":"<p>Wir f\u00fchren Sie durch schwieriges Gel\u00e4nde &#8222;Wir verstehen uns nicht als klassische Unternehmens-beratung. Bei uns gibt es keine vorgefertigten L\u00f6sungen. Unser Konzept basiert auf einem Coaching-, einem Sparring-Prinzip, bei dem wir individuelle L\u00f6sungen im intensiven Dialog mit Ihnen gemeinsam erarbeiten.Der Vorteil? Es ist immer IHR Ver\u00e4nderungsprozess, das sichert hohe Authentizit\u00e4t [&hellip;]<\/p>\n","protected":false},"author":1,"featured_media":6999,"parent":0,"menu_order":0,"comment_status":"closed","ping_status":"closed","template":"","meta":{"_uag_custom_page_level_css":"","_monsterinsights_skip_tracking":false,"_monsterinsights_sitenote_active":false,"_monsterinsights_sitenote_note":"","_monsterinsights_sitenote_category":0,"footnotes":""},"class_list":["post-6992","page","type-page","status-publish","has-post-thumbnail","hentry"],"aioseo_notices":[],"uagb_featured_image_src":{"full":["https:\/\/rethink-consulting.de\/wp-content\/uploads\/2024\/03\/P1060083c.jpg",2160,989,false],"thumbnail":["https:\/\/rethink-consulting.de\/wp-content\/uploads\/2024\/03\/P1060083c-150x150.jpg",150,150,true],"medium":["https:\/\/rethink-consulting.de\/wp-content\/uploads\/2024\/03\/P1060083c-300x137.jpg",300,137,true],"medium_large":["https:\/\/rethink-consulting.de\/wp-content\/uploads\/2024\/03\/P1060083c-768x352.jpg",768,352,true],"large":["https:\/\/rethink-consulting.de\/wp-content\/uploads\/2024\/03\/P1060083c-1024x469.jpg",930,426,true],"1536x1536":["https:\/\/rethink-consulting.de\/wp-content\/uploads\/2024\/03\/P1060083c-1536x703.jpg",1536,703,true],"2048x2048":["https:\/\/rethink-consulting.de\/wp-content\/uploads\/2024\/03\/P1060083c-2048x938.jpg",2048,938,true],"trp-custom-language-flag":["https:\/\/rethink-consulting.de\/wp-content\/uploads\/2024\/03\/P1060083c.jpg",18,8,false],"featured":["https:\/\/rethink-consulting.de\/wp-content\/uploads\/2024\/03\/P1060083c-2000x916.jpg",2000,916,true],"featured@2x":["https:\/\/rethink-consulting.de\/wp-content\/uploads\/2024\/03\/P1060083c.jpg",2160,989,false],"featured-small":["https:\/\/rethink-consulting.de\/wp-content\/uploads\/2024\/03\/P1060083c-1000x458.jpg",1000,458,true],"recent-thumbnail":["https:\/\/rethink-consulting.de\/wp-content\/uploads\/2024\/03\/P1060083c-345x192.jpg",345,192,true],"recent-thumbnail-retina":["https:\/\/rethink-consulting.de\/wp-content\/uploads\/2024\/03\/P1060083c-690x384.jpg",690,384,true],"woo-featured":["https:\/\/rethink-consulting.de\/wp-content\/uploads\/2024\/03\/P1060083c-280x280.jpg",280,280,true],"entry-cover":["https:\/\/rethink-consulting.de\/wp-content\/uploads\/2024\/03\/P1060083c-1800x824.jpg",1800,824,true],"entry-cover@2x":["https:\/\/rethink-consulting.de\/wp-content\/uploads\/2024\/03\/P1060083c.jpg",2160,989,false],"loop":["https:\/\/rethink-consulting.de\/wp-content\/uploads\/2024\/03\/P1060083c-950x320.jpg",950,320,true],"portfolio-scroller-widget":["https:\/\/rethink-consulting.de\/wp-content\/uploads\/2024\/03\/P1060083c-1223x560.jpg",1223,560,true],"portfolio_item-thumbnail":["https:\/\/rethink-consulting.de\/wp-content\/uploads\/2024\/03\/P1060083c-600x400.jpg",600,400,true],"portfolio_item-masonry":["https:\/\/rethink-consulting.de\/wp-content\/uploads\/2024\/03\/P1060083c-600x275.jpg",600,275,true],"portfolio_item-thumbnail_wide":["https:\/\/rethink-consulting.de\/wp-content\/uploads\/2024\/03\/P1060083c-1800x600.jpg",1800,600,true],"portfolio_item-thumbnail_wide_cinema":["https:\/\/rethink-consulting.de\/wp-content\/uploads\/2024\/03\/P1060083c-1800x750.jpg",1800,750,true],"portfolio_item-thumbnail_cinema":["https:\/\/rethink-consulting.de\/wp-content\/uploads\/2024\/03\/P1060083c-800x335.jpg",800,335,true],"portfolio_item-thumbnail_portrait":["https:\/\/rethink-consulting.de\/wp-content\/uploads\/2024\/03\/P1060083c-600x900.jpg",600,900,true],"portfolio_item-thumbnail_square":["https:\/\/rethink-consulting.de\/wp-content\/uploads\/2024\/03\/P1060083c-800x800.jpg",800,800,true]},"uagb_author_info":{"display_name":"admin","author_link":"https:\/\/rethink-consulting.de\/en\/author\/admin\/"},"uagb_comment_info":0,"uagb_excerpt":"Wir f\u00fchren Sie durch schwieriges Gel\u00e4nde &#8222;Wir verstehen uns nicht als klassische Unternehmens-beratung. Bei uns gibt es keine vorgefertigten L\u00f6sungen. Unser Konzept basiert auf einem Coaching-, einem Sparring-Prinzip, bei dem wir individuelle L\u00f6sungen im intensiven Dialog mit Ihnen gemeinsam erarbeiten.Der Vorteil? Es ist immer IHR Ver\u00e4nderungsprozess, das sichert hohe Authentizit\u00e4t [&hellip;]","_links":{"self":[{"href":"https:\/\/rethink-consulting.de\/en\/wp-json\/wp\/v2\/pages\/6992","targetHints":{"allow":["GET"]}}],"collection":[{"href":"https:\/\/rethink-consulting.de\/en\/wp-json\/wp\/v2\/pages"}],"about":[{"href":"https:\/\/rethink-consulting.de\/en\/wp-json\/wp\/v2\/types\/page"}],"author":[{"embeddable":true,"href":"https:\/\/rethink-consulting.de\/en\/wp-json\/wp\/v2\/users\/1"}],"replies":[{"embeddable":true,"href":"https:\/\/rethink-consulting.de\/en\/wp-json\/wp\/v2\/comments?post=6992"}],"version-history":[{"count":49,"href":"https:\/\/rethink-consulting.de\/en\/wp-json\/wp\/v2\/pages\/6992\/revisions"}],"predecessor-version":[{"id":7631,"href":"https:\/\/rethink-consulting.de\/en\/wp-json\/wp\/v2\/pages\/6992\/revisions\/7631"}],"wp:featuredmedia":[{"embeddable":true,"href":"https:\/\/rethink-consulting.de\/en\/wp-json\/wp\/v2\/media\/6999"}],"wp:attachment":[{"href":"https:\/\/rethink-consulting.de\/en\/wp-json\/wp\/v2\/media?parent=6992"}],"curies":[{"name":"wp","href":"https:\/\/api.w.org\/{rel}","templated":true}]}}