{"id":6916,"date":"2024-03-08T08:23:33","date_gmt":"2024-03-08T08:23:33","guid":{"rendered":"https:\/\/rethink-consulting.de\/?page_id=6916"},"modified":"2024-03-10T12:52:47","modified_gmt":"2024-03-10T12:52:47","slug":"konzept","status":"publish","type":"page","link":"https:\/\/rethink-consulting.de\/en\/konzept\/","title":{"rendered":"Concept"},"content":{"rendered":"<div data-elementor-type=\"wp-page\" data-elementor-id=\"6916\" class=\"elementor elementor-6916\" data-elementor-post-type=\"page\">\n\t\t\t\t<div class=\"elementor-element elementor-element-9a93013 e-flex e-con-boxed e-con e-parent\" data-id=\"9a93013\" data-element_type=\"container\" data-e-type=\"container\">\n\t\t\t\t\t<div class=\"e-con-inner\">\n\t\t\t\t<div class=\"elementor-element elementor-element-62fcfe0 elementor-widget elementor-widget-text-editor\" data-id=\"62fcfe0\" data-element_type=\"widget\" data-e-type=\"widget\" data-widget_type=\"text-editor.default\">\n\t\t\t\t<div class=\"elementor-widget-container\">\n\t\t\t\t\t\t\t\t\t<p>Have you ever been camping in a tent? Yes? Then you probably know the good feeling of being able to retreat into the cozy security of the \"tent\" dimension created by just a bit of fabric in the evening - protected from wind and weather.<\/p><p>But then you also know the refreshing, sublime feeling of crawling out of your tent in the morning, getting up and seeing nature in all its diversity and vastness and breathing in the fresh air.<\/p><p>It is the same with all man-made systems, be it a tent or a company: What ensures protection and stability on the one hand, restricts perspective and solution space used on the other.<\/p><p>Together with you, we want to step out of the \"tent\" of your company, re-describe and re-evaluate problems holistically and develop solutions and future concepts.<\/p>\t\t\t\t\t\t\t\t<\/div>\n\t\t\t\t<\/div>\n\t\t\t\t\t<\/div>\n\t\t\t\t<\/div>\n\t\t\t\t<\/div>","protected":false},"excerpt":{"rendered":"<p>Waren Sie schon einmal Zelten? Ja? Dann kennen Sie sicher das gute Gef\u00fchl, sich abends in die behagliche Geborgenheit der nur durch ein bisschen Stoff geschaffenen Dimension &#8222;Zelt&#8220; zur\u00fcckziehen zu k\u00f6nnen &#8211; gesch\u00fctzt vor Wind und Wetter. Dann kennen Sie aber auch das erfrischende, erhabene Gef\u00fchl morgens aus dem Zelt [&hellip;]<\/p>\n","protected":false},"author":1,"featured_media":6917,"parent":0,"menu_order":0,"comment_status":"closed","ping_status":"closed","template":"","meta":{"_uag_custom_page_level_css":"","_monsterinsights_skip_tracking":false,"_monsterinsights_sitenote_active":false,"_monsterinsights_sitenote_note":"","_monsterinsights_sitenote_category":0,"footnotes":""},"class_list":["post-6916","page","type-page","status-publish","has-post-thumbnail","hentry"],"aioseo_notices":[],"uagb_featured_image_src":{"full":["https:\/\/rethink-consulting.de\/wp-content\/uploads\/2024\/03\/tent-4794219_Kopie-scaled.jpg",2560,1057,false],"thumbnail":["https:\/\/rethink-consulting.de\/wp-content\/uploads\/2024\/03\/tent-4794219_Kopie-150x150.jpg",150,150,true],"medium":["https:\/\/rethink-consulting.de\/wp-content\/uploads\/2024\/03\/tent-4794219_Kopie-300x124.jpg",300,124,true],"medium_large":["https:\/\/rethink-consulting.de\/wp-content\/uploads\/2024\/03\/tent-4794219_Kopie-768x317.jpg",768,317,true],"large":["https:\/\/rethink-consulting.de\/wp-content\/uploads\/2024\/03\/tent-4794219_Kopie-1024x423.jpg",930,384,true],"1536x1536":["https:\/\/rethink-consulting.de\/wp-content\/uploads\/2024\/03\/tent-4794219_Kopie-1536x634.jpg",1536,634,true],"2048x2048":["https:\/\/rethink-consulting.de\/wp-content\/uploads\/2024\/03\/tent-4794219_Kopie-2048x845.jpg",2048,845,true],"trp-custom-language-flag":["https:\/\/rethink-consulting.de\/wp-content\/uploads\/2024\/03\/tent-4794219_Kopie-scaled.jpg",18,7,false],"featured":["https:\/\/rethink-consulting.de\/wp-content\/uploads\/2024\/03\/tent-4794219_Kopie-2000x826.jpg",2000,826,true],"featured@2x":["https:\/\/rethink-consulting.de\/wp-content\/uploads\/2024\/03\/tent-4794219_Kopie-3000x1238.jpg",3000,1238,true],"featured-small":["https:\/\/rethink-consulting.de\/wp-content\/uploads\/2024\/03\/tent-4794219_Kopie-1000x413.jpg",1000,413,true],"recent-thumbnail":["https:\/\/rethink-consulting.de\/wp-content\/uploads\/2024\/03\/tent-4794219_Kopie-345x192.jpg",345,192,true],"recent-thumbnail-retina":["https:\/\/rethink-consulting.de\/wp-content\/uploads\/2024\/03\/tent-4794219_Kopie-690x384.jpg",690,384,true],"woo-featured":["https:\/\/rethink-consulting.de\/wp-content\/uploads\/2024\/03\/tent-4794219_Kopie-280x280.jpg",280,280,true],"entry-cover":["https:\/\/rethink-consulting.de\/wp-content\/uploads\/2024\/03\/tent-4794219_Kopie-1800x743.jpg",1800,743,true],"entry-cover@2x":["https:\/\/rethink-consulting.de\/wp-content\/uploads\/2024\/03\/tent-4794219_Kopie-3600x1486.jpg",3600,1486,true],"loop":["https:\/\/rethink-consulting.de\/wp-content\/uploads\/2024\/03\/tent-4794219_Kopie-950x320.jpg",950,320,true],"portfolio-scroller-widget":["https:\/\/rethink-consulting.de\/wp-content\/uploads\/2024\/03\/tent-4794219_Kopie-1357x560.jpg",1357,560,true],"portfolio_item-thumbnail":["https:\/\/rethink-consulting.de\/wp-content\/uploads\/2024\/03\/tent-4794219_Kopie-600x400.jpg",600,400,true],"portfolio_item-masonry":["https:\/\/rethink-consulting.de\/wp-content\/uploads\/2024\/03\/tent-4794219_Kopie-600x248.jpg",600,248,true],"portfolio_item-thumbnail_wide":["https:\/\/rethink-consulting.de\/wp-content\/uploads\/2024\/03\/tent-4794219_Kopie-1800x600.jpg",1800,600,true],"portfolio_item-thumbnail_wide_cinema":["https:\/\/rethink-consulting.de\/wp-content\/uploads\/2024\/03\/tent-4794219_Kopie-1800x750.jpg",1800,750,true],"portfolio_item-thumbnail_cinema":["https:\/\/rethink-consulting.de\/wp-content\/uploads\/2024\/03\/tent-4794219_Kopie-800x335.jpg",800,335,true],"portfolio_item-thumbnail_portrait":["https:\/\/rethink-consulting.de\/wp-content\/uploads\/2024\/03\/tent-4794219_Kopie-600x900.jpg",600,900,true],"portfolio_item-thumbnail_square":["https:\/\/rethink-consulting.de\/wp-content\/uploads\/2024\/03\/tent-4794219_Kopie-800x800.jpg",800,800,true]},"uagb_author_info":{"display_name":"admin","author_link":"https:\/\/rethink-consulting.de\/en\/author\/admin\/"},"uagb_comment_info":0,"uagb_excerpt":"Waren Sie schon einmal Zelten? Ja? Dann kennen Sie sicher das gute Gef\u00fchl, sich abends in die behagliche Geborgenheit der nur durch ein bisschen Stoff geschaffenen Dimension &#8222;Zelt&#8220; zur\u00fcckziehen zu k\u00f6nnen &#8211; gesch\u00fctzt vor Wind und Wetter. Dann kennen Sie aber auch das erfrischende, erhabene Gef\u00fchl morgens aus dem Zelt [&hellip;]","_links":{"self":[{"href":"https:\/\/rethink-consulting.de\/en\/wp-json\/wp\/v2\/pages\/6916","targetHints":{"allow":["GET"]}}],"collection":[{"href":"https:\/\/rethink-consulting.de\/en\/wp-json\/wp\/v2\/pages"}],"about":[{"href":"https:\/\/rethink-consulting.de\/en\/wp-json\/wp\/v2\/types\/page"}],"author":[{"embeddable":true,"href":"https:\/\/rethink-consulting.de\/en\/wp-json\/wp\/v2\/users\/1"}],"replies":[{"embeddable":true,"href":"https:\/\/rethink-consulting.de\/en\/wp-json\/wp\/v2\/comments?post=6916"}],"version-history":[{"count":32,"href":"https:\/\/rethink-consulting.de\/en\/wp-json\/wp\/v2\/pages\/6916\/revisions"}],"predecessor-version":[{"id":7076,"href":"https:\/\/rethink-consulting.de\/en\/wp-json\/wp\/v2\/pages\/6916\/revisions\/7076"}],"wp:featuredmedia":[{"embeddable":true,"href":"https:\/\/rethink-consulting.de\/en\/wp-json\/wp\/v2\/media\/6917"}],"wp:attachment":[{"href":"https:\/\/rethink-consulting.de\/en\/wp-json\/wp\/v2\/media?parent=6916"}],"curies":[{"name":"wp","href":"https:\/\/api.w.org\/{rel}","templated":true}]}}