{"id":6742,"date":"2024-02-18T16:46:22","date_gmt":"2024-02-18T16:46:22","guid":{"rendered":"https:\/\/rethink-consulting.de\/?page_id=6742"},"modified":"2024-07-03T06:45:18","modified_gmt":"2024-07-03T06:45:18","slug":"home","status":"publish","type":"page","link":"https:\/\/rethink-consulting.de\/en\/","title":{"rendered":"Home"},"content":{"rendered":"<div data-elementor-type=\"wp-page\" data-elementor-id=\"6742\" class=\"elementor elementor-6742\" data-elementor-post-type=\"page\">\n\t\t\t\t<div class=\"elementor-element elementor-element-7db3762 e-flex e-con-boxed e-con e-parent\" data-id=\"7db3762\" data-element_type=\"container\" data-e-type=\"container\">\n\t\t\t\t\t<div class=\"e-con-inner\">\n\t\t\t\t<div class=\"elementor-element elementor-element-da525c2 elementor-widget elementor-widget-heading\" data-id=\"da525c2\" data-element_type=\"widget\" data-e-type=\"widget\" data-widget_type=\"heading.default\">\n\t\t\t\t<div class=\"elementor-widget-container\">\n\t\t\t\t\t<h2 class=\"elementor-heading-title elementor-size-default\">We make transformation and change \nprocesses successful<\/h2>\t\t\t\t<\/div>\n\t\t\t\t<\/div>\n\t\t\t\t<div class=\"elementor-element elementor-element-e6a1c93 elementor-widget elementor-widget-text-editor\" data-id=\"e6a1c93\" data-element_type=\"widget\" data-e-type=\"widget\" data-widget_type=\"text-editor.default\">\n\t\t\t\t<div class=\"elementor-widget-container\">\n\t\t\t\t\t\t\t\t\t<p>Today's business environment is characterized by unprecedented dynamic and complexity. Highly competitive pressure, immense speed of innovation, new requirements in the context of digitalization and increasing regulation with ever-increasing legal requirements demand a high degree of agility, creativity and adaptability.<\/p><p>We support you in the planning, design and implementation of transformation and change processes with our experience, strategic vision, creativity and innovative strength. With a fresh and unobstructed view, we generate new perspectives and thus open up new solutions.<\/p><p>\u00a0<\/p>\t\t\t\t\t\t\t\t<\/div>\n\t\t\t\t<\/div>\n\t\t\t\t\t<\/div>\n\t\t\t\t<\/div>\n\t\t\t\t<\/div>","protected":false},"excerpt":{"rendered":"<p>Wir f\u00fchren Transformations- und Ver\u00e4nderungsprozesse ins Ziel Das heutige unternehmerische Umfeld zeichnet sich durch nie dagewesene Komplexit\u00e4t und Dynamik aus. Hoher Wettbewerbsdruck, immense Innovationsgeschwindigkeit, neue Anforderungen im Rahmen der Digitalisierung und zunehmende Regulierung mit stetig steigenden rechtlichen Vorgaben erfordern hohe Agilit\u00e4t, Kreativit\u00e4t und Anpassungsf\u00e4higkeit. Wir unterst\u00fctzen sie bei der Planung, [&hellip;]<\/p>\n","protected":false},"author":1,"featured_media":7125,"parent":0,"menu_order":0,"comment_status":"closed","ping_status":"closed","template":"","meta":{"_uag_custom_page_level_css":"","_monsterinsights_skip_tracking":false,"_monsterinsights_sitenote_active":false,"_monsterinsights_sitenote_note":"","_monsterinsights_sitenote_category":0,"footnotes":""},"class_list":["post-6742","page","type-page","status-publish","has-post-thumbnail","hentry"],"aioseo_notices":[],"uagb_featured_image_src":{"full":["https:\/\/rethink-consulting.de\/wp-content\/uploads\/2024\/03\/Aletsch_small.jpg",2112,1409,false],"thumbnail":["https:\/\/rethink-consulting.de\/wp-content\/uploads\/2024\/03\/Aletsch_small-150x150.jpg",150,150,true],"medium":["https:\/\/rethink-consulting.de\/wp-content\/uploads\/2024\/03\/Aletsch_small-300x200.jpg",300,200,true],"medium_large":["https:\/\/rethink-consulting.de\/wp-content\/uploads\/2024\/03\/Aletsch_small-768x512.jpg",768,512,true],"large":["https:\/\/rethink-consulting.de\/wp-content\/uploads\/2024\/03\/Aletsch_small-1024x683.jpg",930,620,true],"1536x1536":["https:\/\/rethink-consulting.de\/wp-content\/uploads\/2024\/03\/Aletsch_small-1536x1025.jpg",1536,1025,true],"2048x2048":["https:\/\/rethink-consulting.de\/wp-content\/uploads\/2024\/03\/Aletsch_small-2048x1366.jpg",2048,1366,true],"trp-custom-language-flag":["https:\/\/rethink-consulting.de\/wp-content\/uploads\/2024\/03\/Aletsch_small.jpg",18,12,false],"featured":["https:\/\/rethink-consulting.de\/wp-content\/uploads\/2024\/03\/Aletsch_small-2000x1334.jpg",2000,1334,true],"featured@2x":["https:\/\/rethink-consulting.de\/wp-content\/uploads\/2024\/03\/Aletsch_small.jpg",2112,1409,false],"featured-small":["https:\/\/rethink-consulting.de\/wp-content\/uploads\/2024\/03\/Aletsch_small-1000x667.jpg",1000,667,true],"recent-thumbnail":["https:\/\/rethink-consulting.de\/wp-content\/uploads\/2024\/03\/Aletsch_small-345x192.jpg",345,192,true],"recent-thumbnail-retina":["https:\/\/rethink-consulting.de\/wp-content\/uploads\/2024\/03\/Aletsch_small-690x384.jpg",690,384,true],"woo-featured":["https:\/\/rethink-consulting.de\/wp-content\/uploads\/2024\/03\/Aletsch_small-280x280.jpg",280,280,true],"entry-cover":["https:\/\/rethink-consulting.de\/wp-content\/uploads\/2024\/03\/Aletsch_small-1800x1201.jpg",1800,1201,true],"entry-cover@2x":["https:\/\/rethink-consulting.de\/wp-content\/uploads\/2024\/03\/Aletsch_small.jpg",2112,1409,false],"loop":["https:\/\/rethink-consulting.de\/wp-content\/uploads\/2024\/03\/Aletsch_small-950x320.jpg",950,320,true],"portfolio-scroller-widget":["https:\/\/rethink-consulting.de\/wp-content\/uploads\/2024\/03\/Aletsch_small-839x560.jpg",839,560,true],"portfolio_item-thumbnail":["https:\/\/rethink-consulting.de\/wp-content\/uploads\/2024\/03\/Aletsch_small-600x400.jpg",600,400,true],"portfolio_item-masonry":["https:\/\/rethink-consulting.de\/wp-content\/uploads\/2024\/03\/Aletsch_small-600x400.jpg",600,400,true],"portfolio_item-thumbnail_wide":["https:\/\/rethink-consulting.de\/wp-content\/uploads\/2024\/03\/Aletsch_small-1800x600.jpg",1800,600,true],"portfolio_item-thumbnail_wide_cinema":["https:\/\/rethink-consulting.de\/wp-content\/uploads\/2024\/03\/Aletsch_small-1800x750.jpg",1800,750,true],"portfolio_item-thumbnail_cinema":["https:\/\/rethink-consulting.de\/wp-content\/uploads\/2024\/03\/Aletsch_small-800x335.jpg",800,335,true],"portfolio_item-thumbnail_portrait":["https:\/\/rethink-consulting.de\/wp-content\/uploads\/2024\/03\/Aletsch_small-600x900.jpg",600,900,true],"portfolio_item-thumbnail_square":["https:\/\/rethink-consulting.de\/wp-content\/uploads\/2024\/03\/Aletsch_small-800x800.jpg",800,800,true]},"uagb_author_info":{"display_name":"admin","author_link":"https:\/\/rethink-consulting.de\/en\/author\/admin\/"},"uagb_comment_info":0,"uagb_excerpt":"Wir f\u00fchren Transformations- und Ver\u00e4nderungsprozesse ins Ziel Das heutige unternehmerische Umfeld zeichnet sich durch nie dagewesene Komplexit\u00e4t und Dynamik aus. Hoher Wettbewerbsdruck, immense Innovationsgeschwindigkeit, neue Anforderungen im Rahmen der Digitalisierung und zunehmende Regulierung mit stetig steigenden rechtlichen Vorgaben erfordern hohe Agilit\u00e4t, Kreativit\u00e4t und Anpassungsf\u00e4higkeit. Wir unterst\u00fctzen sie bei der Planung, [&hellip;]","_links":{"self":[{"href":"https:\/\/rethink-consulting.de\/en\/wp-json\/wp\/v2\/pages\/6742","targetHints":{"allow":["GET"]}}],"collection":[{"href":"https:\/\/rethink-consulting.de\/en\/wp-json\/wp\/v2\/pages"}],"about":[{"href":"https:\/\/rethink-consulting.de\/en\/wp-json\/wp\/v2\/types\/page"}],"author":[{"embeddable":true,"href":"https:\/\/rethink-consulting.de\/en\/wp-json\/wp\/v2\/users\/1"}],"replies":[{"embeddable":true,"href":"https:\/\/rethink-consulting.de\/en\/wp-json\/wp\/v2\/comments?post=6742"}],"version-history":[{"count":125,"href":"https:\/\/rethink-consulting.de\/en\/wp-json\/wp\/v2\/pages\/6742\/revisions"}],"predecessor-version":[{"id":7589,"href":"https:\/\/rethink-consulting.de\/en\/wp-json\/wp\/v2\/pages\/6742\/revisions\/7589"}],"wp:featuredmedia":[{"embeddable":true,"href":"https:\/\/rethink-consulting.de\/en\/wp-json\/wp\/v2\/media\/7125"}],"wp:attachment":[{"href":"https:\/\/rethink-consulting.de\/en\/wp-json\/wp\/v2\/media?parent=6742"}],"curies":[{"name":"wp","href":"https:\/\/api.w.org\/{rel}","templated":true}]}}